{"id":209,"date":"2025-03-19T13:13:34","date_gmt":"2025-03-19T13:13:34","guid":{"rendered":"https:\/\/nahmanmsika-cpa.com\/?page_id=209"},"modified":"2025-03-19T13:16:08","modified_gmt":"2025-03-19T13:16:08","slug":"poster-un-avis","status":"publish","type":"page","link":"https:\/\/nahmanmsika-cpa.com\/fr\/poster-un-avis\/","title":{"rendered":"Poster un avis"},"content":{"rendered":"<p>[et_pb_section fb_built=\u00a0\u00bb1&Prime; _builder_version=\u00a0\u00bb4.27.4&Prime; _module_preset=\u00a0\u00bbdefault\u00a0\u00bb global_colors_info=\u00a0\u00bb{}\u00a0\u00bb][et_pb_row _builder_version=\u00a0\u00bb4.27.4&Prime; _module_preset=\u00a0\u00bbdefault\u00a0\u00bb global_colors_info=\u00a0\u00bb{}\u00a0\u00bb][et_pb_column type=\u00a0\u00bb4_4&Prime; _builder_version=\u00a0\u00bb4.27.4&Prime; _module_preset=\u00a0\u00bbdefault\u00a0\u00bb global_colors_info=\u00a0\u00bb{}\u00a0\u00bb][et_pb_text _builder_version=\u00a0\u00bb4.27.4&Prime; _module_preset=\u00a0\u00bbdefault\u00a0\u00bb hover_enabled=\u00a0\u00bb0&Prime; global_colors_info=\u00a0\u00bb{}\u00a0\u00bb sticky_enabled=\u00a0\u00bb0&Prime;]<\/p>\n<h3><span>Que pensez-vous de <strong><span style=\"color: #3366ff;\">Nahman Msika CPA<\/span> ?<\/strong><br \/>Votre avis nous interesse !<\/span><\/h3>\n<h3><span><br \/><div class=\"shortcode-site-reviews-form\"><div class=\"glsr glsr-bootstrap\" id=\"glsr_jbyysmvi\" data-from=\"shortcode\" data-shortcode=\"site_reviews_form\"><div class=\"glsr-form-wrap\">\n    <form class=\"glsr-form glsr-review-form\" method=\"post\" enctype=\"multipart\/form-data\">\n        <input type=\"hidden\" name=\"site-reviews[_action]\" value=\"submit-review\" \/>\n<input type=\"hidden\" name=\"site-reviews[_nonce]\" value=\"e151139fec\" \/>\n<input type=\"hidden\" name=\"site-reviews[_post_id]\" value=\"209\" \/>\n<input type=\"hidden\" name=\"site-reviews[_referer]\" value=\"\" \/>\n<input type=\"hidden\" name=\"site-reviews[assigned_posts]\" value=\"\" \/>\n<input type=\"hidden\" name=\"site-reviews[assigned_terms]\" value=\"\" \/>\n<input type=\"hidden\" name=\"site-reviews[assigned_users]\" value=\"\" \/>\n<input type=\"hidden\" name=\"site-reviews[excluded]\" value=\"\" \/>\n<input type=\"hidden\" name=\"site-reviews[form_id]\" value=\"glsr_jbyysmvi\" \/>\n<input type=\"hidden\" name=\"site-reviews[form_signature]\" value=\"NaHC6j1iiBc4cAkzDWYrzHhZ_7E0txGpkk7ETH0g2X6sLU3FKvZbe1xKurJR75z6JE4GoMTj9tFE6z5WBFLNUgStjmMRjgYL8JZdKJw6vhxMAypW2EZbIug2zJIPndVQwSGta29lhlatBQvq_N2sdiWgT3dXQkoLGW65mYaSgqIOxCM7pMM0mmsWmdlB1HI5vC3IspM9w659-TovJYgYrs1ReioWW2e4tyPbPilfcmQVaGHOdth5ZCyrFH4mHwVXADEAaVa5eBLZxumU6Zkat7tO9-Y5HBJrRNINqn06LiaJeEIyTTv0kHA8NWVbFudYkejH0ybRtryyw_z-Gum_dh0v0a781yIaD2L91vbENxtAtUA-66r7CCQcOafp6K7oYso1l_Ajxc1ZulGJF28HI1-0CjhYhyJou0GDoV5HBv2ZRCbC1nVrXLVdQg\" \/>\n<input type=\"hidden\" name=\"site-reviews[terms_exist]\" value=\"1\" \/>\n<div class=\"form-group glsr-field\" style=\"display:none;\"><label for=\"site-reviews-6af8c1b9-glsr_jbyysmvi\">Votre avis<\/label><input type=\"text\" class=\"glsr-input glsr-input-text\" id=\"site-reviews-6af8c1b9-glsr_jbyysmvi\" name=\"site-reviews[6af8c1b9]\" value=\"\" \/><\/div>\n<div class=\"form-group glsr-field glsr-field-rating glsr-required\" data-field=\"rating\" data-type=\"rating\">\n    <label class=\"form-label glsr-label\" for=\"glsr_jbyysmvi-rating\">\n    <span>Votre note globale<\/span>\n<\/label>\n    <select class=\"browser-default disable-select form-select glsr-select no-wrap no_wrap\" id=\"glsr_jbyysmvi-rating\" name=\"site-reviews[rating]\" required><option value=\"\">S\u00e9lectionnez une note<\/option><option value=\"5\">5 \u00e9toiles<\/option><option value=\"4\">4 \u00e9toiles<\/option><option value=\"3\">3 \u00e9toiles<\/option><option value=\"2\">2 \u00e9toiles<\/option><option value=\"1\">1 \u00e9toile<\/option><\/select>\n    <div class=\"glsr-field-error invalid-feedback\"><\/div>\n<\/div>\n<div class=\"form-group glsr-field glsr-field-text glsr-required\" data-field=\"title\" data-type=\"text\">\n    <label class=\"form-label glsr-label\" for=\"glsr_jbyysmvi-title\">\n    <span>Titre de votre avis<\/span>\n<\/label>\n    <input type=\"text\" class=\"form-control glsr-input glsr-input-text\" id=\"glsr_jbyysmvi-title\" name=\"site-reviews[title]\" required placeholder=\"R\u00e9sumez votre avis ou mettez en \u00e9vidence un d\u00e9tail int\u00e9ressant\" value=\"\" \/>\n    <div class=\"glsr-field-error invalid-feedback\"><\/div>\n<\/div>\n<div class=\"form-group glsr-field glsr-field-textarea glsr-required\" data-field=\"content\" data-type=\"textarea\">\n    <label class=\"form-label glsr-label\" for=\"glsr_jbyysmvi-content\">\n    <span>Votre avis<\/span>\n<\/label>\n    <textarea class=\"form-control glsr-textarea\" id=\"glsr_jbyysmvi-content\" name=\"site-reviews[content]\" required placeholder=\"Donnez votre avis\" rows=\"5\"><\/textarea>\n    <div class=\"glsr-field-error invalid-feedback\"><\/div>\n<\/div>\n<div class=\"form-group glsr-field glsr-field-text glsr-required\" data-field=\"name\" data-type=\"text\">\n    <label class=\"form-label glsr-label\" for=\"glsr_jbyysmvi-name\">\n    <span>Votre nom<\/span>\n<\/label>\n    <input type=\"text\" class=\"form-control glsr-input glsr-input-text\" id=\"glsr_jbyysmvi-name\" name=\"site-reviews[name]\" required placeholder=\"Donnez votre nom\" value=\"\" \/>\n    <div class=\"glsr-field-error invalid-feedback\"><\/div>\n<\/div>\n<div class=\"form-group glsr-field glsr-field-email glsr-required\" data-field=\"email\" data-type=\"email\">\n    <label class=\"form-label glsr-label\" for=\"glsr_jbyysmvi-email\">\n    <span>Votre e-mail<\/span>\n<\/label>\n    <input type=\"email\" class=\"form-control glsr-input glsr-input-email\" id=\"glsr_jbyysmvi-email\" name=\"site-reviews[email]\" required placeholder=\"Donnez votre e-mail\" value=\"\" \/>\n    <div class=\"glsr-field-error invalid-feedback\"><\/div>\n<\/div>\n<div class=\"form-group glsr-field glsr-field-choice glsr-required\" data-field=\"terms\" data-type=\"toggle\">\n    \n    <div class=\"glsr-field-subgroup\">\n        <div class=\"form-check form-switch glsr-field-toggle\">\n    <span class=\"glsr-toggle\"><input type=\"checkbox\" class=\"form-check-input glsr-input-toggle\" id=\"glsr_jbyysmvi-terms-1\" name=\"site-reviews[terms]\" required value=\"1\" \/><span class=\"glsr-toggle-track\"><\/span><\/span>\n    <label class=\"form-check-label\" for=\"glsr_jbyysmvi-terms-1\">Cette note est fond\u00e9e sur ma propre exp\u00e9rience et mon v\u00e9ritable avis.<\/label>\n<\/div>\n    <\/div>\n    <div class=\"glsr-field-error invalid-feedback\"><\/div>\n<\/div>\n        <div class=\"alert glsr-form-message\">\n    \n<\/div>\n        <div data-field=\"submit-button\">\n    <div class=\"wp-block-buttons is-layout-flex\">\n        <div class=\"wp-block-button\">\n            <button type=\"submit\" class=\"btn btn-primary glsr-button\" aria-busy=\"false\" data-loading=\"Submitting, please wait...\">Envoyer un avis<\/button>\n        <\/div>\n    <\/div>\n<\/div>\n    <\/form>\n<\/div><\/div><\/div><\/span><\/h3>\n<p>[\/et_pb_text][\/et_pb_column][\/et_pb_row][\/et_pb_section]<\/p>\n","protected":false},"excerpt":{"rendered":"<p>Que pensez-vous de Nahman Msika CPA ?Votre avis nous interesse ! <div class=\"shortcode-site-reviews-form\"><div class=\"glsr glsr-bootstrap\" id=\"glsr_nv1o8j1i\" data-from=\"shortcode\" data-shortcode=\"site_reviews_form\"><div class=\"glsr-form-wrap\">\n    <form class=\"glsr-form glsr-review-form\" method=\"post\" enctype=\"multipart\/form-data\">\n        <input type=\"hidden\" name=\"site-reviews[_action]\" value=\"submit-review\" \/>\n<input type=\"hidden\" name=\"site-reviews[_nonce]\" value=\"e151139fec\" \/>\n<input type=\"hidden\" name=\"site-reviews[_post_id]\" value=\"209\" \/>\n<input type=\"hidden\" name=\"site-reviews[_referer]\" value=\"\" \/>\n<input type=\"hidden\" name=\"site-reviews[assigned_posts]\" value=\"\" \/>\n<input type=\"hidden\" name=\"site-reviews[assigned_terms]\" value=\"\" \/>\n<input type=\"hidden\" name=\"site-reviews[assigned_users]\" value=\"\" \/>\n<input type=\"hidden\" name=\"site-reviews[excluded]\" value=\"\" \/>\n<input type=\"hidden\" name=\"site-reviews[form_id]\" value=\"glsr_nv1o8j1i\" \/>\n<input type=\"hidden\" name=\"site-reviews[form_signature]\" value=\"FeINSgSZazTJL3OyXr7Li4TeqzDoopbLCK22tpqKhcSVcIu64ew9w7_aiZjxPhJ7j8Xa4fI1zxJOjoAphu_QDQ44ioDUQcP1-KiJeBOiobXeLX8i6hsr3oF2oawvsI2XWFG-JcCkLYt5T7ekQyxOh8SmqjqG-dpebOjRXQjTF6JylafNyddXAkXY5ff_KyOyhZ5TdJycKM_M3Ky_lXDBDKW4z6WqNw1gKMriXoO5zq3Twxg5PHV09fi7DDO2d1SNoHE2FhbbAYk7KOXj47z8EDVjI1-FBuimiSF6oZNePC7xzpyWZg6DHm25lyQKT86NP2w5ZkB5dfGcz7ET6V9PGQRsdZFhPDguloD15SCy_XmwJftSOsmthTldNIpPh5W9XX32gnkmrFOO6IGEeCfm27rQH7cdLLKumLOCVtovoY0xupVJU3ZpCowY0A\" \/>\n<input type=\"hidden\" name=\"site-reviews[terms_exist]\" value=\"1\" \/>\n<div class=\"form-group glsr-field\" style=\"display:none;\"><label for=\"site-reviews-a993974d-glsr_nv1o8j1i\">Votre avis<\/label><input type=\"text\" class=\"glsr-input glsr-input-text\" id=\"site-reviews-a993974d-glsr_nv1o8j1i\" name=\"site-reviews[a993974d]\" value=\"\" \/><\/div>\n<div class=\"form-group glsr-field glsr-field-rating glsr-required\" data-field=\"rating\" data-type=\"rating\">\n    <label class=\"form-label glsr-label\" for=\"glsr_nv1o8j1i-rating\">\n    <span>Votre note globale<\/span>\n<\/label>\n    <select class=\"browser-default disable-select form-select glsr-select no-wrap no_wrap\" id=\"glsr_nv1o8j1i-rating\" name=\"site-reviews[rating]\" required><option value=\"\">S\u00e9lectionnez une note<\/option><option value=\"5\">5 \u00e9toiles<\/option><option value=\"4\">4 \u00e9toiles<\/option><option value=\"3\">3 \u00e9toiles<\/option><option value=\"2\">2 \u00e9toiles<\/option><option value=\"1\">1 \u00e9toile<\/option><\/select>\n    <div class=\"glsr-field-error invalid-feedback\"><\/div>\n<\/div>\n<div class=\"form-group glsr-field glsr-field-text glsr-required\" data-field=\"title\" data-type=\"text\">\n    <label class=\"form-label glsr-label\" for=\"glsr_nv1o8j1i-title\">\n    <span>Titre de votre avis<\/span>\n<\/label>\n    <input type=\"text\" class=\"form-control glsr-input glsr-input-text\" id=\"glsr_nv1o8j1i-title\" name=\"site-reviews[title]\" required placeholder=\"R\u00e9sumez votre avis ou mettez en \u00e9vidence un d\u00e9tail int\u00e9ressant\" value=\"\" \/>\n    <div class=\"glsr-field-error invalid-feedback\"><\/div>\n<\/div>\n<div class=\"form-group glsr-field glsr-field-textarea glsr-required\" data-field=\"content\" data-type=\"textarea\">\n    <label class=\"form-label glsr-label\" for=\"glsr_nv1o8j1i-content\">\n    <span>Votre avis<\/span>\n<\/label>\n    <textarea class=\"form-control glsr-textarea\" id=\"glsr_nv1o8j1i-content\" name=\"site-reviews[content]\" required placeholder=\"Donnez votre avis\" rows=\"5\"><\/textarea>\n    <div class=\"glsr-field-error invalid-feedback\"><\/div>\n<\/div>\n<div class=\"form-group glsr-field glsr-field-text glsr-required\" data-field=\"name\" data-type=\"text\">\n    <label class=\"form-label glsr-label\" for=\"glsr_nv1o8j1i-name\">\n    <span>Votre nom<\/span>\n<\/label>\n    <input type=\"text\" class=\"form-control glsr-input glsr-input-text\" id=\"glsr_nv1o8j1i-name\" name=\"site-reviews[name]\" required placeholder=\"Donnez votre nom\" value=\"\" \/>\n    <div class=\"glsr-field-error invalid-feedback\"><\/div>\n<\/div>\n<div class=\"form-group glsr-field glsr-field-email glsr-required\" data-field=\"email\" data-type=\"email\">\n    <label class=\"form-label glsr-label\" for=\"glsr_nv1o8j1i-email\">\n    <span>Votre e-mail<\/span>\n<\/label>\n    <input type=\"email\" class=\"form-control glsr-input glsr-input-email\" id=\"glsr_nv1o8j1i-email\" name=\"site-reviews[email]\" required placeholder=\"Donnez votre e-mail\" value=\"\" \/>\n    <div class=\"glsr-field-error invalid-feedback\"><\/div>\n<\/div>\n<div class=\"form-group glsr-field glsr-field-choice glsr-required\" data-field=\"terms\" data-type=\"toggle\">\n    \n    <div class=\"glsr-field-subgroup\">\n        <div class=\"form-check form-switch glsr-field-toggle\">\n    <span class=\"glsr-toggle\"><input type=\"checkbox\" class=\"form-check-input glsr-input-toggle\" id=\"glsr_nv1o8j1i-terms-1\" name=\"site-reviews[terms]\" required value=\"1\" \/><span class=\"glsr-toggle-track\"><\/span><\/span>\n    <label class=\"form-check-label\" for=\"glsr_nv1o8j1i-terms-1\">Cette note est fond\u00e9e sur ma propre exp\u00e9rience et mon v\u00e9ritable avis.<\/label>\n<\/div>\n    <\/div>\n    <div class=\"glsr-field-error invalid-feedback\"><\/div>\n<\/div>\n        <div class=\"alert glsr-form-message\">\n    \n<\/div>\n        <div data-field=\"submit-button\">\n    <div class=\"wp-block-buttons is-layout-flex\">\n        <div class=\"wp-block-button\">\n            <button type=\"submit\" class=\"btn btn-primary glsr-button\" aria-busy=\"false\" data-loading=\"Submitting, please wait...\">Envoyer un avis<\/button>\n        <\/div>\n    <\/div>\n<\/div>\n    <\/form>\n<\/div><\/div><\/div><\/p>\n","protected":false},"author":1,"featured_media":0,"parent":0,"menu_order":0,"comment_status":"closed","ping_status":"closed","template":"","meta":{"_et_pb_use_builder":"on","_et_pb_old_content":"","_et_gb_content_width":"","_glsr_average":0,"_glsr_ranking":0,"_glsr_reviews":0,"footnotes":""},"class_list":["post-209","page","type-page","status-publish","hentry"],"aioseo_notices":[],"_links":{"self":[{"href":"https:\/\/nahmanmsika-cpa.com\/fr\/wp-json\/wp\/v2\/pages\/209","targetHints":{"allow":["GET"]}}],"collection":[{"href":"https:\/\/nahmanmsika-cpa.com\/fr\/wp-json\/wp\/v2\/pages"}],"about":[{"href":"https:\/\/nahmanmsika-cpa.com\/fr\/wp-json\/wp\/v2\/types\/page"}],"author":[{"embeddable":true,"href":"https:\/\/nahmanmsika-cpa.com\/fr\/wp-json\/wp\/v2\/users\/1"}],"replies":[{"embeddable":true,"href":"https:\/\/nahmanmsika-cpa.com\/fr\/wp-json\/wp\/v2\/comments?post=209"}],"version-history":[{"count":7,"href":"https:\/\/nahmanmsika-cpa.com\/fr\/wp-json\/wp\/v2\/pages\/209\/revisions"}],"predecessor-version":[{"id":216,"href":"https:\/\/nahmanmsika-cpa.com\/fr\/wp-json\/wp\/v2\/pages\/209\/revisions\/216"}],"wp:attachment":[{"href":"https:\/\/nahmanmsika-cpa.com\/fr\/wp-json\/wp\/v2\/media?parent=209"}],"curies":[{"name":"wp","href":"https:\/\/api.w.org\/{rel}","templated":true}]}}